{"id":17092,"date":"2025-01-22T07:19:49","date_gmt":"2025-01-22T07:19:49","guid":{"rendered":"https:\/\/rightstep.com.sa\/%d8%a7%d9%84%d8%aa%d9%88%d8%b8%d9%8a%d9%81\/"},"modified":"2025-02-27T11:33:48","modified_gmt":"2025-02-27T11:33:48","slug":"jop","status":"publish","type":"page","link":"https:\/\/rightstep.com.sa\/en\/jop\/","title":{"rendered":"Jop"},"content":{"rendered":"\t\t<div data-elementor-type=\"wp-page\" data-elementor-id=\"17092\" class=\"elementor elementor-17092 elementor-16868\" data-elementor-settings=\"{&quot;ha_cmc_init_switcher&quot;:&quot;no&quot;}\">\n\t\t\t\t<div class=\"wd-negative-gap elementor-element elementor-element-6335e42 wd-section-stretch e-flex e-con-boxed e-con e-parent\" data-id=\"6335e42\" data-element_type=\"container\" data-settings=\"{&quot;background_background&quot;:&quot;classic&quot;,&quot;_ha_eqh_enable&quot;:false}\">\n\t\t\t\t\t<div class=\"e-con-inner\">\n\t\t\t\t<div class=\"elementor-element elementor-element-a57add6 wd-animation-slide-from-bottom wd-animation-normal wd_delay_100 elementor-widget elementor-widget-wd_text_block\" data-id=\"a57add6\" data-element_type=\"widget\" data-widget_type=\"wd_text_block.default\">\n\t\t\t\t<div class=\"elementor-widget-container\">\n\t\t\t\t\t\t\t<div class=\"wd-text-block reset-last-child text-center\">\n\t\t\t\n\t\t\tJop\n\t\t\t\t\t<\/div>\n\t\t\t\t\t\t<\/div>\n\t\t\t\t<\/div>\n\t\t\t\t\t<\/div>\n\t\t\t\t<\/div>\n\t\t<div class=\"wd-negative-gap elementor-element elementor-element-77c6bfa wd-section-stretch e-flex e-con-boxed e-con e-parent\" data-id=\"77c6bfa\" data-element_type=\"container\" data-settings=\"{&quot;background_background&quot;:&quot;classic&quot;,&quot;_ha_eqh_enable&quot;:false}\">\n\t\t\t\t\t<div class=\"e-con-inner\">\n\t\t<div class=\"elementor-element elementor-element-1001e87 e-con-full e-flex e-con e-child\" data-id=\"1001e87\" data-element_type=\"container\" data-settings=\"{&quot;_ha_eqh_enable&quot;:false}\">\n\t\t\t\t<div class=\"elementor-element elementor-element-76dacfa wd-width-100 elementor-widget elementor-widget-wd_title\" data-id=\"76dacfa\" data-element_type=\"widget\" data-widget_type=\"wd_title.default\">\n\t\t\t\t<div class=\"elementor-widget-container\">\n\t\t\t\t\t\t\t<div class=\"title-wrapper wd-set-mb reset-last-child wd-title-color-default wd-title-style-default wd-title-size-default text-left\">\n\n\t\t\t\n\t\t\t<div class=\"liner-continer\">\n\t\t\t\t<h4 class=\"woodmart-title-container title wd-fontsize-l\">Une opportunit\u00e9 en or pour les consultants distingu\u00e9s en<\/h4> \n\t\t\t\t\t\t\t<\/div>\n\n\t\t\t\t\t\t\t<div class=\"title-after_title reset-last-child wd-fontsize-xs\">\n\t\t\t\t\t<p>Une opportunit\u00e9 en or pour les consultants distingu\u00e9s en<br \/>Syst\u00e8mes qualit\u00e9 (ISO)<br \/>D\u00e9veloppement commercial, analyse commerciale<br \/>Excellence institutionnelle selon le mod\u00e8le europ\u00e9en et le mod\u00e8le national de qualit\u00e9<br \/>Planification strat\u00e9gique et gestion des performances<br \/>Chez Right Step for Business Services, nous vous offrons la possibilit\u00e9 de faire partie de notre \u00e9quipe de travail distingu\u00e9e dans l'un des formats de contrat suivants {\u00e0 temps plein, \u00e0 temps partiel ou bas\u00e9 sur un projet (free lance)}<br \/>Tout ce que vous avez \u00e0 faire est d'envoyer un CV qui met en valeur vos qualifications, vos comp\u00e9tences et vos ant\u00e9c\u00e9dents professionnels dans le domaine du conseil en gestion et de la construction de syst\u00e8mes, qui documente les \u00e9l\u00e9ments suivants\u00a0:<br \/>*Exp\u00e9rience pratique dans diverses consultations administratives ainsi que dans le d\u00e9veloppement et l'application des syst\u00e8mes ISO au sein du Royaume.<br \/>* Un dossier document\u00e9 des projets ant\u00e9rieurs avec des organismes saoudiens ou internationaux.<br \/>* Connaissance approfondie des exigences du march\u00e9 saoudien et des normes de qualit\u00e9 internationales.<\/p>\t\t\t\t<\/div>\n\t\t\t\t\t<\/div>\n\t\t\t\t\t\t<\/div>\n\t\t\t\t<\/div>\n\t\t\t\t<\/div>\n\t\t<div class=\"elementor-element elementor-element-743cd82 e-con-full e-flex e-con e-child\" data-id=\"743cd82\" data-element_type=\"container\" data-settings=\"{&quot;_ha_eqh_enable&quot;:false}\">\n\t\t\t\t<div class=\"elementor-element elementor-element-5c56db7 th-form wd-cf7 elementor-widget elementor-widget-wd_contact_form_7\" data-id=\"5c56db7\" data-element_type=\"widget\" id=\"th-form-jop\" data-widget_type=\"wd_contact_form_7.default\">\n\t\t\t\t<div class=\"elementor-widget-container\">\n\t\t\t\t\t\n<div class=\"wpcf7 no-js\" id=\"wpcf7-f17160-o1\" lang=\"en-US\" dir=\"ltr\" data-wpcf7-id=\"17160\">\n<div class=\"screen-reader-response\"><p role=\"status\" aria-live=\"polite\" aria-atomic=\"true\"><\/p> <ul><\/ul><\/div>\n<form action=\"\/en\/wp-json\/wp\/v2\/pages\/17092#wpcf7-f17160-o1\" method=\"post\" class=\"wpcf7-form init\" aria-label=\"Contact form\" enctype=\"multipart\/form-data\" novalidate=\"novalidate\" data-status=\"init\">\n<div style=\"display: none;\">\n<input type=\"hidden\" name=\"_wpcf7\" value=\"17160\" \/>\n<input type=\"hidden\" name=\"_wpcf7_version\" value=\"6.0.4\" \/>\n<input type=\"hidden\" name=\"_wpcf7_locale\" value=\"en_US\" \/>\n<input type=\"hidden\" name=\"_wpcf7_unit_tag\" value=\"wpcf7-f17160-o1\" \/>\n<input type=\"hidden\" name=\"_wpcf7_container_post\" value=\"0\" \/>\n<input type=\"hidden\" name=\"_wpcf7_posted_data_hash\" value=\"\" \/>\n<\/div>\n<p><span class=\"wpcf7-form-control-wrap\" data-name=\"full-name\"><input size=\"40\" maxlength=\"400\" class=\"wpcf7-form-control wpcf7-text wpcf7-validates-as-required\" aria-required=\"true\" aria-invalid=\"false\" placeholder=\"\" value=\"\" type=\"text\" name=\"full-name\" \/><\/span>\n<\/p>\n<p><span class=\"wpcf7-form-control-wrap\" data-name=\"email\"><input size=\"40\" maxlength=\"400\" class=\"wpcf7-form-control wpcf7-email wpcf7-validates-as-required wpcf7-text wpcf7-validates-as-email\" aria-required=\"true\" aria-invalid=\"false\" placeholder=\"\" value=\"\" type=\"email\" name=\"email\" \/><\/span>\n<\/p>\n<p><span class=\"wpcf7-form-control-wrap\" data-name=\"phone\"><input size=\"40\" maxlength=\"400\" class=\"wpcf7-form-control wpcf7-tel wpcf7-validates-as-required wpcf7-text wpcf7-validates-as-tel\" aria-required=\"true\" aria-invalid=\"false\" placeholder=\"\" value=\"\" type=\"tel\" name=\"phone\" \/><\/span>\n<\/p>\n<p><span class=\"wpcf7-form-control-wrap\" data-name=\"message\"><textarea cols=\"40\" rows=\"10\" maxlength=\"2000\" class=\"wpcf7-form-control wpcf7-textarea\" aria-invalid=\"false\" placeholder=\"\" name=\"message\"><\/textarea><\/span>\n<\/p>\n<p><span class=\"wpcf7-form-control-wrap\" data-name=\"cv\"><input size=\"40\" class=\"wpcf7-form-control wpcf7-file wpcf7-validates-as-required\" accept=\".pdf,.doc,.docx\" aria-required=\"true\" aria-invalid=\"false\" type=\"file\" name=\"cv\" \/><\/span>\n<\/p>\n<p><input type=\"submit\" value=\"Submit\" \/>\n<\/p><div class=\"wpcf7-response-output\" aria-hidden=\"true\"><\/div>\n<\/form>\n<\/div>\n\t\t\t\t<\/div>\n\t\t\t\t<\/div>\n\t\t\t\t<\/div>\n\t\t\t\t\t<\/div>\n\t\t\t\t<\/div>\n\t\t\t\t<\/div>\n\t\t","protected":false},"excerpt":{"rendered":"<p>Jop Une opportunit\u00e9 en or pour les consultants distingu\u00e9s en Une opportunit\u00e9 en or pour les consultants distingu\u00e9s enSyst\u00e8mes qualit\u00e9<\/p>\n","protected":false},"author":3,"featured_media":0,"parent":0,"menu_order":0,"comment_status":"closed","ping_status":"closed","template":"","meta":{"_joinchat":[],"footnotes":""},"class_list":["post-17092","page","type-page","status-publish","hentry"],"_links":{"self":[{"href":"https:\/\/rightstep.com.sa\/en\/wp-json\/wp\/v2\/pages\/17092","targetHints":{"allow":["GET"]}}],"collection":[{"href":"https:\/\/rightstep.com.sa\/en\/wp-json\/wp\/v2\/pages"}],"about":[{"href":"https:\/\/rightstep.com.sa\/en\/wp-json\/wp\/v2\/types\/page"}],"author":[{"embeddable":true,"href":"https:\/\/rightstep.com.sa\/en\/wp-json\/wp\/v2\/users\/3"}],"replies":[{"embeddable":true,"href":"https:\/\/rightstep.com.sa\/en\/wp-json\/wp\/v2\/comments?post=17092"}],"version-history":[{"count":4,"href":"https:\/\/rightstep.com.sa\/en\/wp-json\/wp\/v2\/pages\/17092\/revisions"}],"predecessor-version":[{"id":17256,"href":"https:\/\/rightstep.com.sa\/en\/wp-json\/wp\/v2\/pages\/17092\/revisions\/17256"}],"wp:attachment":[{"href":"https:\/\/rightstep.com.sa\/en\/wp-json\/wp\/v2\/media?parent=17092"}],"curies":[{"name":"wp","href":"https:\/\/api.w.org\/{rel}","templated":true}]}}